{"id":20352,"date":"2021-08-23T02:59:21","date_gmt":"2021-08-23T09:59:21","guid":{"rendered":"https:\/\/mednovum.ca\/?page_id=20352"},"modified":"2026-04-23T00:00:29","modified_gmt":"2026-04-23T07:00:29","slug":"a-propos-de-nous","status":"publish","type":"page","link":"https:\/\/mednovum.ca\/fr\/a-propos-de-nous\/","title":{"rendered":"\u00c0 propos de nous"},"content":{"rendered":"\n  <div class=\"banner has-hover bg-zoom-fade has-parallax\" id=\"banner-1340981051\">\n          <div class=\"banner-inner fill\">\n        <div class=\"banner-bg fill\" data-parallax=\"-2\" data-parallax-container=\".banner\" data-parallax-background>\n            <div class=\"bg fill bg-fill \"><\/div>\n                        <div class=\"overlay\"><\/div>            \n                    <\/div>\n        <div class=\"banner-layers container\">\n            <div class=\"fill banner-link\"><\/div>            \n   <div id=\"text-box-2092488208\" class=\"text-box banner-layer x50 md-x50 lg-x50 y25 md-y55 lg-y55 res-text\">\n                     <div data-animate=\"none\">           <div class=\"text-box-content text dark text-shadow-2\">\n              \n              <div class=\"text-inner text-center\">\n                  \n\t<div id=\"text-123887417\" class=\"text\">\n\t\t\n<h2 class=\"uppercase\"><strong>\u00c0 propos de nous<\/strong><\/h2>\n\t\t\n<style>\n#text-123887417 {\n  font-size: 1.25rem;\n  line-height: 3;\n  text-align: center;\n  color: rgb(255, 255, 255);\n}\n#text-123887417 > * {\n  color: rgb(255, 255, 255);\n}\n@media (min-width:550px) {\n  #text-123887417 {\n    font-size: 1.75rem;\n    line-height: 3;\n  }\n}\n<\/style>\n\t<\/div>\n\t\n              <\/div>\n           <\/div>\n       <\/div>                     \n<style>\n#text-box-2092488208 {\n  margin: -9px 0px 0px 0px;\n  width: 98%;\n}\n#text-box-2092488208 .text-inner {\n  padding: 0px 0px 0px 0px;\n}\n#text-box-2092488208 .text-box-content {\n  font-size: 100%;\n}\n@media (min-width:550px) {\n  #text-box-2092488208 {\n    width: 100%;\n  }\n}\n<\/style>\n    <\/div>\n \n        <\/div>\n      <\/div>\n\n            \n<style>\n#banner-1340981051 {\n  padding-top: 297px;\n}\n#banner-1340981051 .bg.bg-loaded {\n  background-image: url(https:\/\/mednovum.ca\/wp-content\/uploads\/2021\/08\/mednovum-can-500-e1629258736167.png);\n}\n#banner-1340981051 .overlay {\n  background-color: rgba(39, 170, 225, 0.413);\n}\n@media (min-width:550px) {\n  #banner-1340981051 {\n    padding-top: 381px;\n  }\n}\n<\/style>\n  <\/div>\n\n\n\t<section class=\"section has-mask mask-arrow-large\" id=\"section_915265511\">\n\t\t<div class=\"bg section-bg fill bg-fill  bg-loaded\" >\n\n\t\t\t\n\t\t\t\n\t\t\t\n\n\t\t<\/div>\n\n\t\t<div class=\"section-content relative\">\n\t\t\t\n<div class=\"row align-middle align-center\"  id=\"row-663208570\">\n\n\t<div id=\"col-926182303\" class=\"col small-12 large-12 col-divided\"  >\n\t\t<div class=\"col-inner text-center\"  >\n\t\t\t\n\t\t\t\n<div class=\"container section-title-container\" style=\"margin-top:15px;margin-bottom:15px;max-width:432px;\"><h3 class=\"section-title section-title-center\"><b><\/b><span class=\"section-title-main\" style=\"font-size:158%;color:rgb(39, 170, 225);\">Notre mission - vision<\/span><b><\/b><\/h3><\/div>\n\t<div id=\"text-1869671746\" class=\"text\">\n\t\t\n<p>La vision de MedNovum Canada est de devenir un associ\u00e9 fiable au sein du Vietnam, Canada et du monde dans la conception exceptionnelle de valeurs communes dans le domaine des appareils m\u00e9dicaux. \u00a0<\/p>\n<p>Chez MedNovum Canada, nous nous engageons \u00e0 fournir des services professionnels, pr\u00e9cis et d\u00e9di\u00e9s bas\u00e9s sur une riche expertise des r\u00e9glementations l\u00e9gales vietnamiennes et des exigences r\u00e9glementaires relatives aux dispositifs m\u00e9dicaux. Notre objectif\u00a0est d&rsquo;\u00eatre une entreprise tr\u00e8s ax\u00e9e sur le client, ce qui permettra \u00a0de soutenir nos clients dans toutes les affaires r\u00e9glementaires pour leurs plus grands avantages et leur plus grande satisfaction.<\/p>\n<p>MedNovum emploie une \u00e9quipe d\u2019avocats, m\u00e9decins, titulaires d\u2019un master et professeurs travaillant dans des h\u00f4pitaux et universit\u00e9s de m\u00e9decine, d\u00e9tenant plusieurs ann\u00e9es d\u2019exp\u00e9rience en consultation dans les domaines d\u2019importation, d\u2019\u00e9dition et enregistrement d\u2019appareils m\u00e9dicaux. Nous sommes certains d\u2019\u00eatre votre associ\u00e9 fiable dans le march\u00e9 Vietnamien qui d\u00e9tient un fort potentiel.<\/p>\n<p><strong>\u00ab MedNovum \u2013 Un service fluide venant d\u2019experts \u00bb<\/strong><\/p>\n\t\t\n<style>\n#text-1869671746 {\n  line-height: 1.75;\n  text-align: center;\n  color: rgb(0, 0, 0);\n}\n#text-1869671746 > * {\n  color: rgb(0, 0, 0);\n}\n<\/style>\n\t<\/div>\n\t\n\t\t<\/div>\n\t\t\n<style>\n#col-926182303 > .col-inner {\n  padding: 56px 0px 0px 0px;\n  margin: 0px 0px -22px 0px;\n}\n<\/style>\n\t<\/div>\n\n\t\n<\/div>\n\t\t<\/div>\n\n\t\t\n<style>\n#section_915265511 {\n  padding-top: 19px;\n  padding-bottom: 19px;\n  margin-bottom: 0px;\n  min-height: 0px;\n  background-color: rgb(250, 248, 248);\n}\n<\/style>\n\t<\/section>\n\t\n\t<section class=\"section\" id=\"section_177370042\">\n\t\t<div class=\"bg section-bg fill bg-fill  bg-loaded\" >\n\n\t\t\t\n\t\t\t\n\t\t\t\n\n\t\t<\/div>\n\n\t\t<div class=\"section-content relative\">\n\t\t\t\n<div class=\"row\"  id=\"row-422927342\">\n\n\t<div id=\"col-1878130045\" class=\"col medium-4 small-12 large-4\"  >\n\t\t<div class=\"col-inner\"  >\n\t\t\t\n\t\t\t\n\n\t\t<div class=\"icon-box featured-box icon-box-center text-center\"  >\n\t\t\t\t\t<div class=\"icon-box-img\" style=\"width: 153px\">\n\t\t\t\t<div class=\"icon\">\n\t\t\t\t\t<div class=\"icon-inner\" >\n\t\t\t\t\t\t<img width=\"400\" height=\"400\" src=\"https:\/\/mednovum.ca\/wp-content\/uploads\/2021\/08\/commitment-icon-400x400-1.png\" class=\"attachment-medium size-medium\" alt=\"Engagement-icon-mednovum\" loading=\"lazy\" srcset=\"https:\/\/mednovum.ca\/wp-content\/uploads\/2021\/08\/commitment-icon-400x400-1.png 400w, https:\/\/mednovum.ca\/wp-content\/uploads\/2021\/08\/commitment-icon-400x400-1-280x280.png 280w\" sizes=\"(max-width: 400px) 100vw, 400px\" \/>\t\t\t\t\t<\/div>\n\t\t\t\t<\/div>\n\t\t\t<\/div>\n\t\t\t\t<div class=\"icon-box-text last-reset\">\n\t\t\t\t\t\t\t\t\t\n\t<div id=\"text-1003340144\" class=\"text\">\n\t\t\n<h3><strong>Engagement<\/strong><\/h3>\n<p>Chez MedNovum Canada, nous sommes engag\u00e9s \u00e0 assurer un service professionnel, pr\u00e9cis et d\u00e9di\u00e9 bas\u00e9 sur une riche expertise des r\u00e9glementations l\u00e9gales vietnamiennes et des conditions n\u00e9cessaires pour les appareils m\u00e9dicaux. Notre point de rep\u00e8re est de mettre le client au c\u0153ur de notre entreprise. Entreprise qui soutiendra nos clients dans toutes les affaires r\u00e9glementaires pour leurs plus grands avantages et satisfaction.<\/p>\n<p>\u00a0<\/p>\n\t\t\n<style>\n#text-1003340144 {\n  color: rgb(255, 255, 255);\n}\n#text-1003340144 > * {\n  color: rgb(255, 255, 255);\n}\n<\/style>\n\t<\/div>\n\t\n\t\t<\/div>\n\t<\/div>\n\t\n\t\n\t\t<\/div>\n\t\t\n<style>\n#col-1878130045 > .col-inner {\n  padding: 0px 0px 0px 0px;\n  margin: -17px 0px -83px 0px;\n}\n@media (min-width:550px) {\n  #col-1878130045 > .col-inner {\n    margin: 0px0 0px 0px 0px;\n  }\n}\n<\/style>\n\t<\/div>\n\n\t\n\n\t<div id=\"col-1909215621\" class=\"col medium-4 small-12 large-4\"  >\n\t\t<div class=\"col-inner\"  >\n\t\t\t\n\t\t\t\n\n\t\t<div class=\"icon-box featured-box icon-box-center text-center\"  >\n\t\t\t\t\t<div class=\"icon-box-img\" style=\"width: 153px\">\n\t\t\t\t<div class=\"icon\">\n\t\t\t\t\t<div class=\"icon-inner\" >\n\t\t\t\t\t\t<img width=\"400\" height=\"400\" src=\"https:\/\/mednovum.ca\/wp-content\/uploads\/2021\/08\/professional-400x400-1.png\" class=\"attachment-medium size-medium\" alt=\"mednovum&#039;s-Professionnels\" loading=\"lazy\" srcset=\"https:\/\/mednovum.ca\/wp-content\/uploads\/2021\/08\/professional-400x400-1.png 400w, https:\/\/mednovum.ca\/wp-content\/uploads\/2021\/08\/professional-400x400-1-280x280.png 280w\" sizes=\"(max-width: 400px) 100vw, 400px\" \/>\t\t\t\t\t<\/div>\n\t\t\t\t<\/div>\n\t\t\t<\/div>\n\t\t\t\t<div class=\"icon-box-text last-reset\">\n\t\t\t\t\t\t\t\t\t\n\t<div id=\"text-2308338253\" class=\"text\">\n\t\t\n<h3><strong>Professionnels<\/strong><\/h3>\n<p>Chez MedNovum Canada, nous savons qu\u2019un consultant digne de son nom fait toute la diff\u00e9rence pour la satisfaction et le succ\u00e8s de nos clients. Extr\u00eamement fusionn\u00e9e, notre \u00e9quipe comprend des experts \u00e0 travers multiples domaines, en particulier sur les lois d\u2019appareils m\u00e9dicaux, l\u00e9gislation, conseil aux entreprises et activit\u00e9s commerciales.<\/p>\n<p>Avec plus de 10 ans d\u2019exp\u00e9rience, nous valorisons l\u2019envie d\u2019apprendre, les innovations proactives et l\u2019am\u00e9lioration de nos services sans arr\u00eat pour r\u00e9pondre au mieux aux besoins des clients.<\/p>\n\t\t\n<style>\n#text-2308338253 {\n  color: rgb(255, 255, 255);\n}\n#text-2308338253 > * {\n  color: rgb(255, 255, 255);\n}\n<\/style>\n\t<\/div>\n\t\n\t\t<\/div>\n\t<\/div>\n\t\n\t\n\t\t<\/div>\n\t\t\n<style>\n#col-1909215621 > .col-inner {\n  margin: 0px 0px -60px 0px;\n}\n<\/style>\n\t<\/div>\n\n\t\n\n\t<div id=\"col-1602192962\" class=\"col medium-4 small-12 large-4\"  >\n\t\t<div class=\"col-inner\"  >\n\t\t\t\n\t\t\t\n\n\t\t<div class=\"icon-box featured-box icon-box-center text-center\"  >\n\t\t\t\t\t<div class=\"icon-box-img\" style=\"width: 153px\">\n\t\t\t\t<div class=\"icon\">\n\t\t\t\t\t<div class=\"icon-inner\" >\n\t\t\t\t\t\t<img width=\"400\" height=\"400\" src=\"https:\/\/mednovum.ca\/wp-content\/uploads\/2021\/08\/ENTHUSIASM-400x400.png\" class=\"attachment-medium size-medium\" alt=\"SATISFACTION-mednovum\" loading=\"lazy\" srcset=\"https:\/\/mednovum.ca\/wp-content\/uploads\/2021\/08\/ENTHUSIASM-400x400.png 400w, https:\/\/mednovum.ca\/wp-content\/uploads\/2021\/08\/ENTHUSIASM-280x280.png 280w, https:\/\/mednovum.ca\/wp-content\/uploads\/2021\/08\/ENTHUSIASM.png 512w\" sizes=\"(max-width: 400px) 100vw, 400px\" \/>\t\t\t\t\t<\/div>\n\t\t\t\t<\/div>\n\t\t\t<\/div>\n\t\t\t\t<div class=\"icon-box-text last-reset\">\n\t\t\t\t\t\t\t\t\t\n\t<div id=\"text-1922673882\" class=\"text\">\n\t\t\n<h3><strong>Satisfaction<\/strong><\/h3>\n<p>L\u2019objectif ultime de MedNovum est la satisfaction de notre client\u00e8le. En pla\u00e7ant nos clients au c\u0153ur de l\u2019entreprise, nous am\u00e9liorons constamment la qualit\u00e9 de nos services jusqu\u2019\u00e0 la satisfaction compl\u00e8te de nos clients \u00e0 propos de notre livraison de ces derniers.<\/p>\n<p>\u00a0<\/p>\n\t\t\n<style>\n#text-1922673882 {\n  text-align: center;\n  color: rgb(255, 255, 255);\n}\n#text-1922673882 > * {\n  color: rgb(255, 255, 255);\n}\n<\/style>\n\t<\/div>\n\t\n\t\t<\/div>\n\t<\/div>\n\t\n\t\n\t\t<\/div>\n\t\t\n<style>\n#col-1602192962 > .col-inner {\n  padding: 0px 0px 0px 0px;\n  margin: 0px 0px -41px 0px;\n}\n<\/style>\n\t<\/div>\n\n\t\n\n<style>\n#row-422927342 > .col > .col-inner {\n  padding: 0px 0px 0px 0px;\n}\n@media (min-width:550px) {\n  #row-422927342 > .col > .col-inner {\n    padding: 0px 0px 0px 0px;\n  }\n}\n<\/style>\n<\/div>\n\t\t<\/div>\n\n\t\t\n<style>\n#section_177370042 {\n  padding-top: 50px;\n  padding-bottom: 50px;\n  min-height: 0px;\n  background-color: rgb(52, 93, 157);\n}\n<\/style>\n\t<\/section>\n\t\n","protected":false},"excerpt":{"rendered":"","protected":false},"author":6,"featured_media":0,"parent":0,"menu_order":0,"comment_status":"closed","ping_status":"closed","template":"","meta":[],"_links":{"self":[{"href":"https:\/\/mednovum.ca\/fr\/wp-json\/wp\/v2\/pages\/20352"}],"collection":[{"href":"https:\/\/mednovum.ca\/fr\/wp-json\/wp\/v2\/pages"}],"about":[{"href":"https:\/\/mednovum.ca\/fr\/wp-json\/wp\/v2\/types\/page"}],"author":[{"embeddable":true,"href":"https:\/\/mednovum.ca\/fr\/wp-json\/wp\/v2\/users\/6"}],"replies":[{"embeddable":true,"href":"https:\/\/mednovum.ca\/fr\/wp-json\/wp\/v2\/comments?post=20352"}],"version-history":[{"count":22,"href":"https:\/\/mednovum.ca\/fr\/wp-json\/wp\/v2\/pages\/20352\/revisions"}],"predecessor-version":[{"id":20803,"href":"https:\/\/mednovum.ca\/fr\/wp-json\/wp\/v2\/pages\/20352\/revisions\/20803"}],"wp:attachment":[{"href":"https:\/\/mednovum.ca\/fr\/wp-json\/wp\/v2\/media?parent=20352"}],"curies":[{"name":"wp","href":"https:\/\/api.w.org\/{rel}","templated":true}]}}